{"id":3534,"date":"2024-06-12T13:35:17","date_gmt":"2024-06-12T11:35:17","guid":{"rendered":"https:\/\/haarinstitut-hk.ch\/?post_type=product&#038;p=3534"},"modified":"2024-06-12T13:35:18","modified_gmt":"2024-06-12T11:35:18","slug":"goldwell-dualsenses-curls-caves-haarersatz-spray","status":"publish","type":"product","link":"https:\/\/haarinstitut-hk.ch\/index.php\/produkt\/goldwell-dualsenses-curls-caves-haarersatz-spray\/","title":{"rendered":"Goldwell Dualsenses Curls &#038; Caves \/ Haarersatz Spray"},"content":{"rendered":"<p>Goldwell Dualsenses Curls &#038; Caves \/ Haarersatz Spray<\/p>\n","protected":false},"excerpt":{"rendered":"<p>Leave-In Spray f\u00fcr lockiges und gewelltes Haar verfeinert mit microPROtec complex und Milchprotein. Kr\u00e4ftigt das Haar umgehend von innen heraus und reaktiviert leblose Locken und Wellen. B\u00fcndelt und kontrolliert Frizz, w\u00e4hrend es gleichzeitig das Haar vor Hitze sch\u00fctzt. Gut sch\u00fctteln. Auf das handtuchtrockene Haar spr\u00fchen. Nicht aussp\u00fclen. Achtung: Entz\u00fcndbar. Nicht in die Augen oder in offene Flammen spr\u00fchen.<\/p>\n","protected":false},"featured_media":3535,"template":"","meta":[],"product_cat":[102,101],"product_tag":[110,114,112,108,106,111,113,109,107,115],"_links":{"self":[{"href":"https:\/\/haarinstitut-hk.ch\/index.php\/wp-json\/wp\/v2\/product\/3534"}],"collection":[{"href":"https:\/\/haarinstitut-hk.ch\/index.php\/wp-json\/wp\/v2\/product"}],"about":[{"href":"https:\/\/haarinstitut-hk.ch\/index.php\/wp-json\/wp\/v2\/types\/product"}],"wp:featuredmedia":[{"embeddable":true,"href":"https:\/\/haarinstitut-hk.ch\/index.php\/wp-json\/wp\/v2\/media\/3535"}],"wp:attachment":[{"href":"https:\/\/haarinstitut-hk.ch\/index.php\/wp-json\/wp\/v2\/media?parent=3534"}],"wp:term":[{"taxonomy":"product_cat","embeddable":true,"href":"https:\/\/haarinstitut-hk.ch\/index.php\/wp-json\/wp\/v2\/product_cat?post=3534"},{"taxonomy":"product_tag","embeddable":true,"href":"https:\/\/haarinstitut-hk.ch\/index.php\/wp-json\/wp\/v2\/product_tag?post=3534"}],"curies":[{"name":"wp","href":"https:\/\/api.w.org\/{rel}","templated":true}]}}