{"id":3419,"date":"2022-11-29T16:00:47","date_gmt":"2022-11-29T15:00:47","guid":{"rendered":"https:\/\/haarinstitut-hk.ch\/?post_type=product&#038;p=3419"},"modified":"2022-11-29T16:00:47","modified_gmt":"2022-11-29T15:00:47","slug":"blue-liner-36stk","status":"publish","type":"product","link":"https:\/\/haarinstitut-hk.ch\/index.php\/produkt\/blue-liner-36stk\/","title":{"rendered":"Blue Liner 36Stk"},"content":{"rendered":"<p>Die Klebestreifen bieten sehr guten Halt, sind wasserfest und vor allem f\u00fcr die zarten Monturen geeignet, also French und Swiss Lace, Monofilament und andere Netzgewebe. Das d\u00fcnne Tape mit einem Kleber auf Acrylbasis ist etwas dehnbar und l\u00e4sst sich leicht l\u00f6sen.<\/p>\n","protected":false},"excerpt":{"rendered":"<p>Wasserdicht, schwei\u00dffest, antiallergisch, langlebig. Keine Spur und leicht zu reinigen. Ultra halten Mini-Band hohe Qualit\u00e4t wasserdichtes Doppelband, stark und langlebig<\/p>\n","protected":false},"featured_media":3420,"template":"","meta":[],"product_cat":[15],"product_tag":[],"_links":{"self":[{"href":"https:\/\/haarinstitut-hk.ch\/index.php\/wp-json\/wp\/v2\/product\/3419"}],"collection":[{"href":"https:\/\/haarinstitut-hk.ch\/index.php\/wp-json\/wp\/v2\/product"}],"about":[{"href":"https:\/\/haarinstitut-hk.ch\/index.php\/wp-json\/wp\/v2\/types\/product"}],"wp:featuredmedia":[{"embeddable":true,"href":"https:\/\/haarinstitut-hk.ch\/index.php\/wp-json\/wp\/v2\/media\/3420"}],"wp:attachment":[{"href":"https:\/\/haarinstitut-hk.ch\/index.php\/wp-json\/wp\/v2\/media?parent=3419"}],"wp:term":[{"taxonomy":"product_cat","embeddable":true,"href":"https:\/\/haarinstitut-hk.ch\/index.php\/wp-json\/wp\/v2\/product_cat?post=3419"},{"taxonomy":"product_tag","embeddable":true,"href":"https:\/\/haarinstitut-hk.ch\/index.php\/wp-json\/wp\/v2\/product_tag?post=3419"}],"curies":[{"name":"wp","href":"https:\/\/api.w.org\/{rel}","templated":true}]}}