{"id":3411,"date":"2022-11-29T14:05:11","date_gmt":"2022-11-29T13:05:11","guid":{"rendered":"https:\/\/haarinstitut-hk.ch\/?post_type=product&#038;p=3411"},"modified":"2024-03-06T10:59:24","modified_gmt":"2024-03-06T09:59:24","slug":"walkertape","status":"publish","type":"product","link":"https:\/\/haarinstitut-hk.ch\/index.php\/produkt\/walkertape\/","title":{"rendered":"Walker Tape Ultra Hold Hair System Adhesive"},"content":{"rendered":"<p>The Leader in Hair Replacement Supplies. est 1985<\/p>\n<p>whole stock 0.5 FL OZ (15 ml)\u00a0 lace wig silicone adhesive glue solution tape glue ultra hold walker tape332v<\/p>\n","protected":false},"excerpt":{"rendered":"<p>Ultra Hold ist einer unserer besten Maximum Hold Fl\u00fcssigkleber. Es hat eine Acrylbasis und reinigt schnell und einfach. Sein zuverl\u00e4ssiger Halt ist auf allen Systemen einsetzbar und h\u00e4lt bei richtiger Anwendung und Pflege \u00fcber vier Wochen.<\/p>\n","protected":false},"featured_media":3413,"template":"","meta":[],"product_cat":[102,101],"product_tag":[],"_links":{"self":[{"href":"https:\/\/haarinstitut-hk.ch\/index.php\/wp-json\/wp\/v2\/product\/3411"}],"collection":[{"href":"https:\/\/haarinstitut-hk.ch\/index.php\/wp-json\/wp\/v2\/product"}],"about":[{"href":"https:\/\/haarinstitut-hk.ch\/index.php\/wp-json\/wp\/v2\/types\/product"}],"wp:featuredmedia":[{"embeddable":true,"href":"https:\/\/haarinstitut-hk.ch\/index.php\/wp-json\/wp\/v2\/media\/3413"}],"wp:attachment":[{"href":"https:\/\/haarinstitut-hk.ch\/index.php\/wp-json\/wp\/v2\/media?parent=3411"}],"wp:term":[{"taxonomy":"product_cat","embeddable":true,"href":"https:\/\/haarinstitut-hk.ch\/index.php\/wp-json\/wp\/v2\/product_cat?post=3411"},{"taxonomy":"product_tag","embeddable":true,"href":"https:\/\/haarinstitut-hk.ch\/index.php\/wp-json\/wp\/v2\/product_tag?post=3411"}],"curies":[{"name":"wp","href":"https:\/\/api.w.org\/{rel}","templated":true}]}}