{"id":3409,"date":"2022-11-29T13:54:44","date_gmt":"2022-11-29T12:54:44","guid":{"rendered":"https:\/\/haarinstitut-hk.ch\/?post_type=product&#038;p=3409"},"modified":"2022-11-29T13:54:44","modified_gmt":"2022-11-29T12:54:44","slug":"red-supertapes-36stk","status":"publish","type":"product","link":"https:\/\/haarinstitut-hk.ch\/index.php\/produkt\/red-supertapes-36stk\/","title":{"rendered":"Red Supertapes 36Stk"},"content":{"rendered":"<h2>Beschreibung<\/h2>\n<div class=\"a11y-text-width js-product-description Product__Description-text\">Wasserdicht, schwei\u00dffest, antiallergisch, langlebig. Keine Spur und leicht zu reinigen. Ultra halten Mini-Band hohe Qualit\u00e4t wasserdichtes Doppelband, stark und langlebig &#8211; Langlebige Haftung, verwendet Kompatibel mit Per\u00fccke Kompatibel mit Toupet \/ Per\u00fccken Super Tape Doppelband, Verwendung &#8211; Com Compatible Mittisch und gesund auf dem Kopf, Doppelseiten Klebeb\u00e4nder, einfach zu kleben und zu waschen. Artikeltyp: Per\u00fccke Kleber Film Modellnummer: Starke Haarverl\u00e4ngerung Klebeband Artikel:StrightHold Time: 2-4 Wochen Anwendung: Tape Extension \/ Toupee \/ Spitze Per\u00fccke \/ Haarst\u00fcck Farbe: Wei\u00df Muster: Rote Buchstaben Material: Klebstoff Gr\u00f6\u00dfe: Gesamtl\u00e4nge: 9CM, Kolloidl\u00e4nge: 7.6CM, Gesamtbreite: 1.9CMPackage Inhalt: 36 x Per\u00fccke doppelseitiges Klebeband Nur der obige Packungsinhalt, andere Produkte sind nicht enthalten. Hinweis: Lichtaufnahmen und unterschiedliche Anzeigen k\u00f6nnen dazu f\u00fchren, dass sich die Farbe des Objekts im Bild ein wenig von der echten unterscheidet. Der zul\u00e4ssige Messfehler betr\u00e4gt +\/- 1-3cm.<\/div>\n","protected":false},"excerpt":{"rendered":"<p><img decoding=\"async\" loading=\"lazy\" class=\"alignnone size-medium wp-image-3410\" src=\"https:\/\/haarinstitut-hk.ch\/wp-content\/uploads\/2022\/11\/507190665_max-300x300.jpg\" alt=\"\" width=\"300\" height=\"300\" srcset=\"https:\/\/haarinstitut-hk.ch\/wp-content\/uploads\/2022\/11\/507190665_max-300x300.jpg 300w, https:\/\/haarinstitut-hk.ch\/wp-content\/uploads\/2022\/11\/507190665_max-1024x1024.jpg 1024w, https:\/\/haarinstitut-hk.ch\/wp-content\/uploads\/2022\/11\/507190665_max-150x150.jpg 150w, https:\/\/haarinstitut-hk.ch\/wp-content\/uploads\/2022\/11\/507190665_max-768x768.jpg 768w, https:\/\/haarinstitut-hk.ch\/wp-content\/uploads\/2022\/11\/507190665_max-1536x1536.jpg 1536w, https:\/\/haarinstitut-hk.ch\/wp-content\/uploads\/2022\/11\/507190665_max-1064x1064.jpg 1064w, https:\/\/haarinstitut-hk.ch\/wp-content\/uploads\/2022\/11\/507190665_max-200x200.jpg 200w, https:\/\/haarinstitut-hk.ch\/wp-content\/uploads\/2022\/11\/507190665_max-60x60.jpg 60w, https:\/\/haarinstitut-hk.ch\/wp-content\/uploads\/2022\/11\/507190665_max-90x90.jpg 90w, https:\/\/haarinstitut-hk.ch\/wp-content\/uploads\/2022\/11\/507190665_max.jpg 1700w\" sizes=\"(max-width: 300px) 100vw, 300px\" \/><\/p>\n<p>&nbsp;<\/p>\n","protected":false},"featured_media":3410,"template":"","meta":[],"product_cat":[102,101],"product_tag":[],"_links":{"self":[{"href":"https:\/\/haarinstitut-hk.ch\/index.php\/wp-json\/wp\/v2\/product\/3409"}],"collection":[{"href":"https:\/\/haarinstitut-hk.ch\/index.php\/wp-json\/wp\/v2\/product"}],"about":[{"href":"https:\/\/haarinstitut-hk.ch\/index.php\/wp-json\/wp\/v2\/types\/product"}],"wp:featuredmedia":[{"embeddable":true,"href":"https:\/\/haarinstitut-hk.ch\/index.php\/wp-json\/wp\/v2\/media\/3410"}],"wp:attachment":[{"href":"https:\/\/haarinstitut-hk.ch\/index.php\/wp-json\/wp\/v2\/media?parent=3409"}],"wp:term":[{"taxonomy":"product_cat","embeddable":true,"href":"https:\/\/haarinstitut-hk.ch\/index.php\/wp-json\/wp\/v2\/product_cat?post=3409"},{"taxonomy":"product_tag","embeddable":true,"href":"https:\/\/haarinstitut-hk.ch\/index.php\/wp-json\/wp\/v2\/product_tag?post=3409"}],"curies":[{"name":"wp","href":"https:\/\/api.w.org\/{rel}","templated":true}]}}