{"id":306,"date":"2019-12-11T15:01:45","date_gmt":"2019-12-11T15:01:45","guid":{"rendered":"https:\/\/the7.io\/clothing\/?page_id=306"},"modified":"2024-05-07T11:50:37","modified_gmt":"2024-05-07T09:50:37","slug":"faq","status":"publish","type":"page","link":"https:\/\/haarinstitut-hk.ch\/index.php\/faq\/","title":{"rendered":"FAQ"},"content":{"rendered":"<p>[vc_row][vc_column][vc_toggle title=&#8221;Wie viel kostet ein Haarsystem?&#8221; style=&#8221;simple&#8221;]<\/p>\n<div class=\"page\" title=\"Page 8\">\n<div class=\"layoutArea\">\n<div class=\"column\">\n<p>Es gibt unterschiedliche M\u00f6glichkeiten und Modellvarianten, deshalb bieten wir Ihnen eine <a href=\"https:\/\/haarinstitut-hk.ch\/index.php\/terminanfrage\/\">kostenlose Terminvereinbarung<\/a> an, damit wir Ihnen eine massgeschneiderte individuelle L\u00f6sung zur Verf\u00fcgung stellen k\u00f6nnen.<\/p>\n<\/div>\n<\/div>\n<\/div>\n<p>[\/vc_toggle][vc_toggle title=&#8221;Wie lange h\u00e4lt ein Haarsystem?&#8221; style=&#8221;simple&#8221; css=&#8221;.vc_custom_1600072365422{margin-top: 10px !important;border-top-width: 1px !important;padding-top: 10px !important;border-top-color: #dddddd !important;border-top-style: solid !important;}&#8221;]<\/p>\n<div class=\"page\" title=\"Page 8\">\n<div class=\"layoutArea\">\n<div class=\"column\">\n<p>Wie lange ein Haarsystem h\u00e4lt h\u00e4ngt von mehreren Faktoren ab. Einerseits h\u00e4ngt es davon ab, wie gut Sie es pflegen und andererseits f\u00fcr welches Material Sie sich entscheiden. Hier kann von rund 6 Monaten bis 18 Monaten ausgegangen werden.<\/p>\n<\/div>\n<p><a href=\"https:\/\/haarinstitut-hk.ch#haaransatz\">Vorher \/ Nachher Bild anschauen.<\/a><\/p>\n<\/div>\n<\/div>\n<p>[\/vc_toggle][vc_toggle title=&#8221;Wie lange h\u00e4lt ein geklebtes Haarteil?&#8221; style=&#8221;simple&#8221; css=&#8221;.vc_custom_1653468613024{margin-top: 10px !important;border-top-width: 1px !important;padding-top: 10px !important;border-top-color: #dddddd !important;border-top-style: solid !important;}&#8221;]<\/p>\n<div class=\"page\" title=\"Page 8\">\n<div class=\"layoutArea\">\n<div class=\"column\">\n<p>Eine permanente Befestigung ben\u00f6tigt regelm\u00e4ssigen Besuch des Haarinstitutes, je nach Befestigungsmethode betr\u00e4gt dieser zwischen 2 &#8211; 6 Wochen. Der Zeitaufwand kann je nach Gr\u00f6sse und Art zwischen 1 und 2 Stunden variieren. Ein Haarteil zur Befestigung h\u00e4lt je nach Herstellungsart und Haarqualit\u00e4t zwischen 1 &#8211; 3 Jahre.<\/p>\n<p><a href=\"https:\/\/g.page\/haarkunftswiss?share\" target=\"_blank\" rel=\"noopener noreferrer\">Besuchen Sie uns.<\/a><\/p>\n<\/div>\n<\/div>\n<\/div>\n<p>[\/vc_toggle][vc_toggle title=&#8221;Kann die Haut unter einem Haarsystem noch atmen?&#8221; style=&#8221;simple&#8221; css=&#8221;.vc_custom_1595239071672{margin-top: 10px !important;border-top-width: 1px !important;padding-top: 10px !important;border-top-color: #dddddd !important;border-top-style: solid !important;}&#8221;]<\/p>\n<div class=\"page\" title=\"Page 8\">\n<div class=\"layoutArea\">\n<div class=\"column\">\n<p>Anhand moderner Materialien kann ihre Kopfhaut atmen. Das Haarkunft Haarsystem bietet ein angenehmes Tragegef\u00fchl, l\u00e4sst sich sehr gut frisieren und verhindert einen Hitzestau und l\u00e4sst Ihre Kopfhaut atmen.<\/p>\n<\/div>\n<\/div>\n<\/div>\n<p>[\/vc_toggle][vc_toggle title=&#8221;Was h\u00e4lt ein Haarsystem aus?&#8221; style=&#8221;simple&#8221; css=&#8221;.vc_custom_1595239300803{margin-top: 10px !important;border-top-width: 1px !important;padding-top: 10px !important;border-top-color: #dddddd !important;border-top-style: solid !important;}&#8221;]<\/p>\n<div class=\"page\" title=\"Page 8\">\n<div class=\"layoutArea\">\n<div class=\"column\">\n<p>Das Haarsystem h\u00e4lt beispielsweise bei Fitness, Schwimmen, in der Sauna,<br \/>\nim Solarium sowie bei Wind und Wetter.<\/p>\n<\/div>\n<\/div>\n<\/div>\n<p>[\/vc_toggle][vc_toggle title=&#8221;Kann ich meine massgefertigten Haarteile f\u00e4rben?&#8221; style=&#8221;simple&#8221; css=&#8221;.vc_custom_1595239431544{margin-top: 10px !important;border-top-width: 1px !important;padding-top: 10px !important;border-top-color: #dddddd !important;border-top-style: solid !important;}&#8221;]<\/p>\n<div class=\"page\" title=\"Page 8\">\n<div class=\"layoutArea\">\n<div class=\"column\">\n<p>Ja, das ist m\u00f6glich. Sie erhalten Ihren Haarersatz exakt in der Farbe Ihres bestehenden Haares oder in jeder anderen gew\u00fcnschten Farbe. Auch Str\u00e4hnen sowie dunkler Haaransatz sind problemlos m\u00f6glich.<\/p>\n<\/div>\n<\/div>\n<\/div>\n<p>[\/vc_toggle][vc_toggle title=&#8221;Kosten\u00fcbernahme AHV\/IV&#8221; style=&#8221;simple&#8221; css=&#8221;.vc_custom_1595239431544{margin-top: 10px !important;border-top-width: 1px !important;padding-top: 10px !important;border-top-color: #dddddd !important;border-top-style: solid !important;}&#8221;]<\/p>\n<div class=\"page\" title=\"Page 8\">\n<div class=\"layoutArea\">\n<div class=\"column\">\n<p><b>1. Einreichung Ihres Antrags bei der Schweizerischen Invalidenversicherung<\/b><br \/>\nF\u00fcllen Sie das Antragsformular sorgf\u00e4ltig aus. Sie k\u00f6nnen das Formular direkt <a href=\"https:\/\/haarinstitut-hk.ch\/wp-content\/uploads\/2024\/05\/IV-Anmeldung-Erwachsene.pdf\" target=\"_blank\" rel=\"noopener\">hier<\/a> herunterladen.<\/p>\n<p><b>2. Einreichung Ihrer Unterlagen<\/b><br \/>\nSenden Sie das vollst\u00e4ndig ausgef\u00fcllte Formular zusammen mit einer \u00e4rztlichen Bescheinigung an die zust\u00e4ndige AHV\/IV-Stelle in Ihrem Wohnkanton.<\/p>\n<p>Sie finden Ihre zust\u00e4ndige IV-Stelle unter diesem <a href=\"https:\/\/www.ahv-iv.ch\/de\/Kontakte\/IV-Stellen\" rel=\"noopener\" target=\"_blank\">Link<\/a>.<\/p>\n<p><b>3. Best\u00e4tigung und Identifikationsnummer<\/b><br \/>\nNach Pr\u00fcfung Ihrer Unterlagen erhalten Sie von der AHV\/IV-Stelle eine Best\u00e4tigung sowie eine pers\u00f6nliche Identifikationsnummer (NIF). Mit dieser Nummer haben Sie Anspruch auf den j\u00e4hrlichen Bezug von Haarersatzprodukten im Wert von bis zu CHF 1500.\u2014. Ab Erreichen des AHV-Alters reduziert sich der Betrag auf CHF 1000.\u2014 pro Jahr. F\u00fcr Gesichtsepithesen, wie Echthaar-Augenbrauen, gibt es keine Kostenbeschr\u00e4nkung.<\/p>\n<p><b>4. R\u00fcckerstattung Ihrer Ausgaben<\/b><br \/>\nGeben Sie bei der Bezahlung Ihrer Rechnung Ihre pers\u00f6nliche NIF-Kennziffer an und reichen Sie anschliessend die Rechnungskopie bei der AHV\/IV-Stelle Ihres Kantons ein. Nach Pr\u00fcfung erhalten Sie den Betrag zur\u00fcckerstattet.<\/p>\n<p>Bei weiteren Fragen oder Unklarheiten stehen wir Ihnen gerne zur Verf\u00fcgung.<\/p>\n<\/div>\n<\/div>\n<\/div>\n<p>[\/vc_toggle][\/vc_column][\/vc_row][vc_row][vc_column]\n            <div \n                class=\"elfsight-widget-whatsapp-chat elfsight-widget\" \n                data-elfsight-whatsapp-chat-options=\"%7B%22phone%22%3A%22%2B41797700066%22%2C%22bubbleIcon%22%3A%22whatsapp-chat%22%2C%22bubbleText%22%3A%22%22%2C%22picture%22%3A%22custom%22%2C%22pictureLibrary%22%3A%7B%22name%22%3A%22Abdullah%20Hadley%22%2C%22email%22%3A%22abdullah.hadley%40gmail.com%22%2C%22position%22%3A%22Lead%20Developer%22%2C%22photo%22%3A%22https%3A%5C%2F%5C%2Fimages.unsplash.com%5C%2Fphoto-1507003211169-0a1dd7228f2d%3Fixlib%3Drb-0.3.5%26q%3D80%26fm%3Djpg%26crop%3Dentropy%26cs%3Dtinysrgb%26w%3D200%26fit%3Dmax%26s%3Da72ca28288878f8404a795f39642a46f%22%7D%2C%22pictureCustom%22%3A%22https%3A%5C%2F%5C%2Fhaarinstitut-hk.ch%5C%2Fwp-content%5C%2Fuploads%5C%2F2020%5C%2F07%5C%2Fhaarkunft-logo-weiss%404x.png%22%2C%22name%22%3A%22HaarKunft%22%2C%22nameCaptionType%22%3A%22custom%22%2C%22nameCaptionReplyTime%22%3A%22Typically%20replies%20within%20a%20day%22%2C%22nameCaptionCustom%22%3A%22Swiss%20Haarinstitut%22%2C%22welcomeMessage%22%3A%22Hallo%20%3F%3Cbr%3E%3Cbr%3Ewie%20k%5Cu00f6nnen%20wir%20Ihnen%20weiterhelfen%3F%22%2C%22buttonText%22%3A%22Jetzt%20Chat%20starten%22%2C%22buttonIconVisible%22%3Atrue%2C%22position%22%3A%22floating%22%2C%22align%22%3A%22right%22%2C%22whereToDisplayChat%22%3A%22allPages%22%2C%22excludedPages%22%3A%5B%5D%2C%22specificPages%22%3A%5B%5D%2C%22devicesToDisplay%22%3A%5B%22desktop%22%2C%22mobile%22%5D%2C%22showChatTo%22%3A%22allVisitors%22%2C%22displayDays%22%3A%5B0%2C1%2C2%2C3%2C4%2C5%2C6%5D%2C%22timeSchedule%22%3Afalse%2C%22displayStartTime%22%3A%2200%3A00%22%2C%22displayEndTime%22%3A%2200%3A00%22%2C%22timeOnPage%22%3A0%2C%22timeOnSite%22%3A0%2C%22scrollPosition%22%3A0%2C%22exiIntent%22%3Atrue%2C%22notifications%22%3A%5B%22bubbleBadge%22%2C%22tabTitle%22%5D%2C%22headerBackgroundColor%22%3A%22rgb%289%2C%2094%2C%2084%29%22%2C%22buttonColor%22%3A%22rgb%2879%2C%20206%2C%2093%29%22%2C%22bubbleBackgroundColor%22%3A%22rgb%28255%2C%20255%2C%20255%29%22%2C%22bubbleIconColor%22%3A%22rgb%2879%2C%20206%2C%2093%29%22%2C%22buttonBorderRadius%22%3A18%2C%22widgetId%22%3A%221%22%7D\" \n                data-elfsight-whatsapp-chat-version=\"1.1.0\"\n                data-elfsight-widget-id=\"elfsight-whatsapp-chat-1\">\n            <\/div>\n            [\/vc_column][\/vc_row]<\/p>\n","protected":false},"excerpt":{"rendered":"<p>[vc_row][vc_column][vc_toggle title=&#8221;Wie viel kostet ein Haarsystem?&#8221; style=&#8221;simple&#8221;] Es gibt unterschiedliche M\u00f6glichkeiten und Modellvarianten, deshalb bieten wir Ihnen eine kostenlose Terminvereinbarung an, damit wir Ihnen eine massgeschneiderte individuelle L\u00f6sung zur Verf\u00fcgung stellen k\u00f6nnen. [\/vc_toggle][vc_toggle title=&#8221;Wie lange h\u00e4lt ein Haarsystem?&#8221; style=&#8221;simple&#8221; css=&#8221;.vc_custom_1600072365422{margin-top: 10px !important;border-top-width: 1px !important;padding-top: 10px !important;border-top-color: #dddddd !important;border-top-style: solid !important;}&#8221;] Wie lange ein Haarsystem h\u00e4lt&hellip;<\/p>\n","protected":false},"author":2,"featured_media":0,"parent":0,"menu_order":0,"comment_status":"closed","ping_status":"closed","template":"","meta":[],"_links":{"self":[{"href":"https:\/\/haarinstitut-hk.ch\/index.php\/wp-json\/wp\/v2\/pages\/306"}],"collection":[{"href":"https:\/\/haarinstitut-hk.ch\/index.php\/wp-json\/wp\/v2\/pages"}],"about":[{"href":"https:\/\/haarinstitut-hk.ch\/index.php\/wp-json\/wp\/v2\/types\/page"}],"author":[{"embeddable":true,"href":"https:\/\/haarinstitut-hk.ch\/index.php\/wp-json\/wp\/v2\/users\/2"}],"replies":[{"embeddable":true,"href":"https:\/\/haarinstitut-hk.ch\/index.php\/wp-json\/wp\/v2\/comments?post=306"}],"version-history":[{"count":13,"href":"https:\/\/haarinstitut-hk.ch\/index.php\/wp-json\/wp\/v2\/pages\/306\/revisions"}],"predecessor-version":[{"id":3526,"href":"https:\/\/haarinstitut-hk.ch\/index.php\/wp-json\/wp\/v2\/pages\/306\/revisions\/3526"}],"wp:attachment":[{"href":"https:\/\/haarinstitut-hk.ch\/index.php\/wp-json\/wp\/v2\/media?parent=306"}],"curies":[{"name":"wp","href":"https:\/\/api.w.org\/{rel}","templated":true}]}}